{"id":37498,"date":"2026-02-10T12:51:57","date_gmt":"2026-02-10T15:51:57","guid":{"rendered":"https:\/\/sorridents.com.br\/lps\/?page_id=37498"},"modified":"2026-05-12T15:35:51","modified_gmt":"2026-05-12T18:35:51","slug":"franquias","status":"publish","type":"page","link":"https:\/\/sorridents.com.br\/lps\/franquias\/","title":{"rendered":"Franquias"},"content":{"rendered":"\t\t<div data-elementor-type=\"wp-post\" data-elementor-id=\"37498\" class=\"elementor elementor-37498\" data-elementor-post-type=\"page\">\n\t\t\t\t\t\t<section class=\"elementor-section elementor-top-section elementor-element elementor-element-db5db41 topo elementor-section-boxed elementor-section-height-default elementor-section-height-default\" data-id=\"db5db41\" data-element_type=\"section\" data-e-type=\"section\" id=\"topo\" data-settings=\"{&quot;background_background&quot;:&quot;classic&quot;,&quot;shape_divider_bottom&quot;:&quot;waves&quot;,&quot;shape_divider_top&quot;:&quot;waves&quot;}\">\n\t\t\t\t\t\t\t<div class=\"elementor-background-overlay\"><\/div>\n\t\t\t\t\t\t<div class=\"elementor-shape elementor-shape-top\" aria-hidden=\"true\" data-negative=\"false\">\n\t\t\t<svg xmlns=\"http:\/\/www.w3.org\/2000\/svg\" viewBox=\"0 0 1000 100\" preserveAspectRatio=\"none\">\n\t<path class=\"elementor-shape-fill\" d=\"M421.9,6.5c22.6-2.5,51.5,0.4,75.5,5.3c23.6,4.9,70.9,23.5,100.5,35.7c75.8,32.2,133.7,44.5,192.6,49.7\n\tc23.6,2.1,48.7,3.5,103.4-2.5c54.7-6,106.2-25.6,106.2-25.6V0H0v30.3c0,0,72,32.6,158.4,30.5c39.2-0.7,92.8-6.7,134-22.4\n\tc21.2-8.1,52.2-18.2,79.7-24.2C399.3,7.9,411.6,7.5,421.9,6.5z\"\/>\n<\/svg>\t\t<\/div>\n\t\t\t\t<div class=\"elementor-shape elementor-shape-bottom\" aria-hidden=\"true\" data-negative=\"false\">\n\t\t\t<svg xmlns=\"http:\/\/www.w3.org\/2000\/svg\" viewBox=\"0 0 1000 100\" preserveAspectRatio=\"none\">\n\t<path class=\"elementor-shape-fill\" d=\"M421.9,6.5c22.6-2.5,51.5,0.4,75.5,5.3c23.6,4.9,70.9,23.5,100.5,35.7c75.8,32.2,133.7,44.5,192.6,49.7\n\tc23.6,2.1,48.7,3.5,103.4-2.5c54.7-6,106.2-25.6,106.2-25.6V0H0v30.3c0,0,72,32.6,158.4,30.5c39.2-0.7,92.8-6.7,134-22.4\n\tc21.2-8.1,52.2-18.2,79.7-24.2C399.3,7.9,411.6,7.5,421.9,6.5z\"\/>\n<\/svg>\t\t<\/div>\n\t\t\t\t\t<div class=\"elementor-container elementor-column-gap-default\">\n\t\t\t\t\t<div class=\"elementor-column elementor-col-50 elementor-top-column elementor-element elementor-element-d58f22b\" data-id=\"d58f22b\" data-element_type=\"column\" data-e-type=\"column\">\n\t\t\t<div class=\"elementor-widget-wrap elementor-element-populated\">\n\t\t\t\t\t\t<div class=\"elementor-element elementor-element-0fc18b5 elementor-hidden-mobile elementor-widget elementor-widget-spacer\" data-id=\"0fc18b5\" data-element_type=\"widget\" data-e-type=\"widget\" data-widget_type=\"spacer.default\">\n\t\t\t\t<div class=\"elementor-widget-container\">\n\t\t\t\t\t\t\t<div class=\"elementor-spacer\">\n\t\t\t<div class=\"elementor-spacer-inner\"><\/div>\n\t\t<\/div>\n\t\t\t\t\t\t<\/div>\n\t\t\t\t<\/div>\n\t\t\t\t<div class=\"elementor-element elementor-element-2f1492a elementor-hidden-mobile elementor-widget elementor-widget-heading\" data-id=\"2f1492a\" data-element_type=\"widget\" data-e-type=\"widget\" data-widget_type=\"heading.default\">\n\t\t\t\t<div class=\"elementor-widget-container\">\n\t\t\t\t\t<h2 class=\"elementor-heading-title elementor-size-default\">Fa\u00e7a parte da marca mais PREMIADA DO BRASIL<\/h2>\t\t\t\t<\/div>\n\t\t\t\t<\/div>\n\t\t\t\t<div class=\"elementor-element elementor-element-5c9bbbc elementor-widget elementor-widget-spacer\" data-id=\"5c9bbbc\" data-element_type=\"widget\" data-e-type=\"widget\" data-widget_type=\"spacer.default\">\n\t\t\t\t<div class=\"elementor-widget-container\">\n\t\t\t\t\t\t\t<div class=\"elementor-spacer\">\n\t\t\t<div class=\"elementor-spacer-inner\"><\/div>\n\t\t<\/div>\n\t\t\t\t\t\t<\/div>\n\t\t\t\t<\/div>\n\t\t\t\t\t<\/div>\n\t\t<\/div>\n\t\t\t\t<div class=\"elementor-column elementor-col-50 elementor-top-column elementor-element elementor-element-9a3055f topo\" data-id=\"9a3055f\" data-element_type=\"column\" data-e-type=\"column\" id=\"topo\" data-settings=\"{&quot;background_background&quot;:&quot;gradient&quot;}\">\n\t\t\t<div class=\"elementor-widget-wrap elementor-element-populated\">\n\t\t\t\t\t\t<div class=\"elementor-element elementor-element-3305072 elementor-widget elementor-widget-image\" data-id=\"3305072\" data-element_type=\"widget\" data-e-type=\"widget\" id=\"#topo\" data-widget_type=\"image.default\">\n\t\t\t\t<div class=\"elementor-widget-container\">\n\t\t\t\t\t\t\t\t\t\t\t\t\t\t\t<img fetchpriority=\"high\" decoding=\"async\" width=\"700\" height=\"724\" src=\"https:\/\/sorridents.com.br\/lps\/wp-content\/uploads\/2025\/12\/logohorizontal-min-700x724.png\" class=\"attachment-large size-large wp-image-37165\" alt=\"\" srcset=\"https:\/\/sorridents.com.br\/lps\/wp-content\/uploads\/2025\/12\/logohorizontal-min-700x724.png 700w, https:\/\/sorridents.com.br\/lps\/wp-content\/uploads\/2025\/12\/logohorizontal-min-250x259.png 250w, https:\/\/sorridents.com.br\/lps\/wp-content\/uploads\/2025\/12\/logohorizontal-min-768x794.png 768w, https:\/\/sorridents.com.br\/lps\/wp-content\/uploads\/2025\/12\/logohorizontal-min-120x124.png 120w, https:\/\/sorridents.com.br\/lps\/wp-content\/uploads\/2025\/12\/logohorizontal-min.png 1080w\" sizes=\"(max-width: 700px) 100vw, 700px\" \/>\t\t\t\t\t\t\t\t\t\t\t\t\t\t\t<\/div>\n\t\t\t\t<\/div>\n\t\t\t\t<div class=\"elementor-element elementor-element-64e6926 elementor-hidden-desktop e-transform elementor-widget elementor-widget-image\" data-id=\"64e6926\" data-element_type=\"widget\" data-e-type=\"widget\" data-settings=\"{&quot;_transform_scale_effect_tablet&quot;:{&quot;unit&quot;:&quot;px&quot;,&quot;size&quot;:&quot;1.1&quot;,&quot;sizes&quot;:[]},&quot;_transform_scale_effect&quot;:{&quot;unit&quot;:&quot;px&quot;,&quot;size&quot;:&quot;&quot;,&quot;sizes&quot;:[]},&quot;_transform_scale_effect_mobile&quot;:{&quot;unit&quot;:&quot;px&quot;,&quot;size&quot;:&quot;&quot;,&quot;sizes&quot;:[]}}\" data-widget_type=\"image.default\">\n\t\t\t\t<div class=\"elementor-widget-container\">\n\t\t\t\t\t\t\t\t\t\t\t\t\t\t\t<img decoding=\"async\" width=\"700\" height=\"863\" src=\"https:\/\/sorridents.com.br\/lps\/wp-content\/uploads\/2026\/02\/banner-mobile-2-700x863.png\" class=\"attachment-large size-large wp-image-37522\" alt=\"\" srcset=\"https:\/\/sorridents.com.br\/lps\/wp-content\/uploads\/2026\/02\/banner-mobile-2-700x863.png 700w, https:\/\/sorridents.com.br\/lps\/wp-content\/uploads\/2026\/02\/banner-mobile-2-250x308.png 250w, https:\/\/sorridents.com.br\/lps\/wp-content\/uploads\/2026\/02\/banner-mobile-2-768x947.png 768w, https:\/\/sorridents.com.br\/lps\/wp-content\/uploads\/2026\/02\/banner-mobile-2-1246x1536.png 1246w, https:\/\/sorridents.com.br\/lps\/wp-content\/uploads\/2026\/02\/banner-mobile-2-120x148.png 120w, https:\/\/sorridents.com.br\/lps\/wp-content\/uploads\/2026\/02\/banner-mobile-2.png 1256w\" sizes=\"(max-width: 700px) 100vw, 700px\" \/>\t\t\t\t\t\t\t\t\t\t\t\t\t\t\t<\/div>\n\t\t\t\t<\/div>\n\t\t\t\t<div class=\"elementor-element elementor-element-271fc71 elementor-hidden-desktop elementor-hidden-tablet elementor-widget elementor-widget-heading\" data-id=\"271fc71\" data-element_type=\"widget\" data-e-type=\"widget\" data-widget_type=\"heading.default\">\n\t\t\t\t<div class=\"elementor-widget-container\">\n\t\t\t\t\t<h2 class=\"elementor-heading-title elementor-size-default\">Fa\u00e7a  parte da marca<\/h2>\t\t\t\t<\/div>\n\t\t\t\t<\/div>\n\t\t\t\t<div class=\"elementor-element elementor-element-e2251f5 elementor-hidden-desktop elementor-hidden-tablet elementor-widget elementor-widget-heading\" data-id=\"e2251f5\" data-element_type=\"widget\" data-e-type=\"widget\" data-widget_type=\"heading.default\">\n\t\t\t\t<div class=\"elementor-widget-container\">\n\t\t\t\t\t<h2 class=\"elementor-heading-title elementor-size-default\">mais premiada do Brasil<\/h2>\t\t\t\t<\/div>\n\t\t\t\t<\/div>\n\t\t\t\t<div class=\"elementor-element elementor-element-02a1b37 elementor-widget elementor-widget-heading\" data-id=\"02a1b37\" data-element_type=\"widget\" data-e-type=\"widget\" data-widget_type=\"heading.default\">\n\t\t\t\t<div class=\"elementor-widget-container\">\n\t\t\t\t\t<h2 class=\"elementor-heading-title elementor-size-default\">Fale agora com nosso consultor <\/h2>\t\t\t\t<\/div>\n\t\t\t\t<\/div>\n\t\t\t\t<div class=\"elementor-element elementor-element-38a3869 elementor-align-center elementor-widget elementor-widget-button\" data-id=\"38a3869\" data-element_type=\"widget\" data-e-type=\"widget\" data-widget_type=\"button.default\">\n\t\t\t\t<div class=\"elementor-widget-container\">\n\t\t\t\t\t\t\t\t\t<div class=\"elementor-button-wrapper\">\n\t\t\t\t\t<a class=\"elementor-button elementor-button-link elementor-size-sm\" href=\"https:\/\/wa.me\/5511975961190?text=Ol\u00e1,%20gostaria%20de%20receber%20mais%20informa\u00e7\u00f5es%20sobre%20a%20compra%20de%20uma%20franquia%20da%20Sorridents.\" target=\"_blank\">\n\t\t\t\t\t\t<span class=\"elementor-button-content-wrapper\">\n\t\t\t\t\t\t<span class=\"elementor-button-icon\">\n\t\t\t\t<i aria-hidden=\"true\" class=\"fab fa-whatsapp\"><\/i>\t\t\t<\/span>\n\t\t\t\t\t\t\t\t\t<span class=\"elementor-button-text\">Clique aqui<\/span>\n\t\t\t\t\t<\/span>\n\t\t\t\t\t<\/a>\n\t\t\t\t<\/div>\n\t\t\t\t\t\t\t\t<\/div>\n\t\t\t\t<\/div>\n\t\t\t\t<div class=\"elementor-element elementor-element-d4a596e elementor-widget elementor-widget-text-editor\" data-id=\"d4a596e\" data-element_type=\"widget\" data-e-type=\"widget\" data-widget_type=\"text-editor.default\">\n\t\t\t\t<div class=\"elementor-widget-container\">\n\t\t\t\t\t\t\t\t\t<p><span style=\"font-weight: 400\">Aten\u00e7\u00e3o: <strong>A <\/strong><\/span><b>Sorridents n\u00e3o participa do Programa Brasil Sorridente<\/b><\/p>\t\t\t\t\t\t\t\t<\/div>\n\t\t\t\t<\/div>\n\t\t\t\t\t<\/div>\n\t\t<\/div>\n\t\t\t\t\t<\/div>\n\t\t<\/section>\n\t\t\t\t<section class=\"elementor-section elementor-top-section elementor-element elementor-element-8f46ee4 elementor-section-boxed elementor-section-height-default elementor-section-height-default\" data-id=\"8f46ee4\" data-element_type=\"section\" data-e-type=\"section\" data-settings=\"{&quot;background_background&quot;:&quot;classic&quot;}\">\n\t\t\t\t\t\t<div class=\"elementor-container elementor-column-gap-default\">\n\t\t\t\t\t<div class=\"elementor-column elementor-col-100 elementor-top-column elementor-element elementor-element-6940e3e\" data-id=\"6940e3e\" data-element_type=\"column\" data-e-type=\"column\">\n\t\t\t<div class=\"elementor-widget-wrap elementor-element-populated\">\n\t\t\t\t\t\t<div class=\"elementor-element elementor-element-f7012bf elementor-widget elementor-widget-text-editor\" data-id=\"f7012bf\" data-element_type=\"widget\" data-e-type=\"widget\" data-widget_type=\"text-editor.default\">\n\t\t\t\t<div class=\"elementor-widget-container\">\n\t\t\t\t\t\t\t\t\t<p>Sorridents \u00a9\ufe0f 2026\u2022 V4 Company | Colli &amp; Associados<\/p>\t\t\t\t\t\t\t\t<\/div>\n\t\t\t\t<\/div>\n\t\t\t\t\t<\/div>\n\t\t<\/div>\n\t\t\t\t\t<\/div>\n\t\t<\/section>\n\t\t\t\t<\/div>\n\t\t","protected":false},"excerpt":{"rendered":"Fa\u00e7a parte da marca mais PREMIADA DO BRASIL Fa\u00e7a parte da marca mais premiada do Brasil Fale agora com nosso consultor Clique aqui Aten\u00e7\u00e3o: A Sorridents n\u00e3o participa do Programa Brasil Sorridente Sorridents \u00a9\ufe0f 2026\u2022 V4 Company | Colli &amp; Associados","protected":false},"author":6,"featured_media":0,"parent":0,"menu_order":0,"comment_status":"closed","ping_status":"closed","template":"elementor_canvas","meta":{"_acf_changed":false,"footnotes":""},"class_list":["post-37498","page","type-page","status-publish","hentry"],"acf":[],"yoast_head":"<!-- This site is optimized with the Yoast SEO plugin v27.5 - https:\/\/yoast.com\/product\/yoast-seo-wordpress\/ -->\n<title>Franquias - Sorridents - Landing Pages<\/title>\n<meta name=\"robots\" content=\"noindex, follow, max-snippet:-1, max-image-preview:large, max-video-preview:-1\" \/>\n<meta property=\"og:locale\" content=\"pt_BR\" \/>\n<meta property=\"og:type\" content=\"article\" \/>\n<meta property=\"og:title\" content=\"Franquias - Sorridents - Landing Pages\" \/>\n<meta property=\"og:description\" content=\"Fa\u00e7a parte da marca mais PREMIADA DO BRASIL Fa\u00e7a parte da marca mais premiada do Brasil Fale agora com nosso consultor Clique aqui Aten\u00e7\u00e3o: A Sorridents n\u00e3o participa do Programa Brasil Sorridente Sorridents \u00a9\ufe0f 2026\u2022 V4 Company | Colli &amp; Associados\" \/>\n<meta property=\"og:url\" content=\"https:\/\/sorridents.com.br\/lps\/franquias\/\" \/>\n<meta property=\"og:site_name\" content=\"Sorridents - Landing Pages\" \/>\n<meta property=\"article:modified_time\" content=\"2026-05-12T18:35:51+00:00\" \/>\n<meta property=\"og:image\" content=\"https:\/\/sorridents.com.br\/lps\/wp-content\/uploads\/2025\/12\/logohorizontal-min.png\" \/>\n\t<meta property=\"og:image:width\" content=\"1080\" \/>\n\t<meta property=\"og:image:height\" content=\"1117\" \/>\n\t<meta property=\"og:image:type\" content=\"image\/png\" \/>\n<meta name=\"twitter:card\" content=\"summary_large_image\" \/>\n<meta name=\"twitter:label1\" content=\"Est. tempo de leitura\" \/>\n\t<meta name=\"twitter:data1\" content=\"1 minuto\" \/>\n<script type=\"application\/ld+json\" class=\"yoast-schema-graph\">{\"@context\":\"https:\\\/\\\/schema.org\",\"@graph\":[{\"@type\":\"WebPage\",\"@id\":\"https:\\\/\\\/sorridents.com.br\\\/lps\\\/franquias\\\/\",\"url\":\"https:\\\/\\\/sorridents.com.br\\\/lps\\\/franquias\\\/\",\"name\":\"Franquias - Sorridents - Landing Pages\",\"isPartOf\":{\"@id\":\"https:\\\/\\\/sorridents.com.br\\\/lps\\\/#website\"},\"primaryImageOfPage\":{\"@id\":\"https:\\\/\\\/sorridents.com.br\\\/lps\\\/franquias\\\/#primaryimage\"},\"image\":{\"@id\":\"https:\\\/\\\/sorridents.com.br\\\/lps\\\/franquias\\\/#primaryimage\"},\"thumbnailUrl\":\"https:\\\/\\\/sorridents.com.br\\\/lps\\\/wp-content\\\/uploads\\\/2025\\\/12\\\/logohorizontal-min-700x724.png\",\"datePublished\":\"2026-02-10T15:51:57+00:00\",\"dateModified\":\"2026-05-12T18:35:51+00:00\",\"breadcrumb\":{\"@id\":\"https:\\\/\\\/sorridents.com.br\\\/lps\\\/franquias\\\/#breadcrumb\"},\"inLanguage\":\"pt-BR\",\"potentialAction\":[{\"@type\":\"ReadAction\",\"target\":[\"https:\\\/\\\/sorridents.com.br\\\/lps\\\/franquias\\\/\"]}]},{\"@type\":\"ImageObject\",\"inLanguage\":\"pt-BR\",\"@id\":\"https:\\\/\\\/sorridents.com.br\\\/lps\\\/franquias\\\/#primaryimage\",\"url\":\"https:\\\/\\\/sorridents.com.br\\\/lps\\\/wp-content\\\/uploads\\\/2025\\\/12\\\/logohorizontal-min.png\",\"contentUrl\":\"https:\\\/\\\/sorridents.com.br\\\/lps\\\/wp-content\\\/uploads\\\/2025\\\/12\\\/logohorizontal-min.png\",\"width\":1080,\"height\":1117},{\"@type\":\"BreadcrumbList\",\"@id\":\"https:\\\/\\\/sorridents.com.br\\\/lps\\\/franquias\\\/#breadcrumb\",\"itemListElement\":[{\"@type\":\"ListItem\",\"position\":1,\"name\":\"In\u00edcio\",\"item\":\"https:\\\/\\\/sorridents.com.br\\\/lps\\\/\"},{\"@type\":\"ListItem\",\"position\":2,\"name\":\"Franquias\"}]},{\"@type\":\"WebSite\",\"@id\":\"https:\\\/\\\/sorridents.com.br\\\/lps\\\/#website\",\"url\":\"https:\\\/\\\/sorridents.com.br\\\/lps\\\/\",\"name\":\"Sorridents - Landing Pages\",\"description\":\"\",\"potentialAction\":[{\"@type\":\"SearchAction\",\"target\":{\"@type\":\"EntryPoint\",\"urlTemplate\":\"https:\\\/\\\/sorridents.com.br\\\/lps\\\/?s={search_term_string}\"},\"query-input\":{\"@type\":\"PropertyValueSpecification\",\"valueRequired\":true,\"valueName\":\"search_term_string\"}}],\"inLanguage\":\"pt-BR\"}]}<\/script>\n<!-- \/ Yoast SEO plugin. -->","yoast_head_json":{"title":"Franquias - Sorridents - Landing Pages","robots":{"index":"noindex","follow":"follow","max-snippet":"max-snippet:-1","max-image-preview":"max-image-preview:large","max-video-preview":"max-video-preview:-1"},"og_locale":"pt_BR","og_type":"article","og_title":"Franquias - Sorridents - Landing Pages","og_description":"Fa\u00e7a parte da marca mais PREMIADA DO BRASIL Fa\u00e7a parte da marca mais premiada do Brasil Fale agora com nosso consultor Clique aqui Aten\u00e7\u00e3o: A Sorridents n\u00e3o participa do Programa Brasil Sorridente Sorridents \u00a9\ufe0f 2026\u2022 V4 Company | Colli &amp; Associados","og_url":"https:\/\/sorridents.com.br\/lps\/franquias\/","og_site_name":"Sorridents - Landing Pages","article_modified_time":"2026-05-12T18:35:51+00:00","og_image":[{"width":1080,"height":1117,"url":"https:\/\/sorridents.com.br\/lps\/wp-content\/uploads\/2025\/12\/logohorizontal-min.png","type":"image\/png"}],"twitter_card":"summary_large_image","twitter_misc":{"Est. tempo de leitura":"1 minuto"},"schema":{"@context":"https:\/\/schema.org","@graph":[{"@type":"WebPage","@id":"https:\/\/sorridents.com.br\/lps\/franquias\/","url":"https:\/\/sorridents.com.br\/lps\/franquias\/","name":"Franquias - Sorridents - Landing Pages","isPartOf":{"@id":"https:\/\/sorridents.com.br\/lps\/#website"},"primaryImageOfPage":{"@id":"https:\/\/sorridents.com.br\/lps\/franquias\/#primaryimage"},"image":{"@id":"https:\/\/sorridents.com.br\/lps\/franquias\/#primaryimage"},"thumbnailUrl":"https:\/\/sorridents.com.br\/lps\/wp-content\/uploads\/2025\/12\/logohorizontal-min-700x724.png","datePublished":"2026-02-10T15:51:57+00:00","dateModified":"2026-05-12T18:35:51+00:00","breadcrumb":{"@id":"https:\/\/sorridents.com.br\/lps\/franquias\/#breadcrumb"},"inLanguage":"pt-BR","potentialAction":[{"@type":"ReadAction","target":["https:\/\/sorridents.com.br\/lps\/franquias\/"]}]},{"@type":"ImageObject","inLanguage":"pt-BR","@id":"https:\/\/sorridents.com.br\/lps\/franquias\/#primaryimage","url":"https:\/\/sorridents.com.br\/lps\/wp-content\/uploads\/2025\/12\/logohorizontal-min.png","contentUrl":"https:\/\/sorridents.com.br\/lps\/wp-content\/uploads\/2025\/12\/logohorizontal-min.png","width":1080,"height":1117},{"@type":"BreadcrumbList","@id":"https:\/\/sorridents.com.br\/lps\/franquias\/#breadcrumb","itemListElement":[{"@type":"ListItem","position":1,"name":"In\u00edcio","item":"https:\/\/sorridents.com.br\/lps\/"},{"@type":"ListItem","position":2,"name":"Franquias"}]},{"@type":"WebSite","@id":"https:\/\/sorridents.com.br\/lps\/#website","url":"https:\/\/sorridents.com.br\/lps\/","name":"Sorridents - Landing Pages","description":"","potentialAction":[{"@type":"SearchAction","target":{"@type":"EntryPoint","urlTemplate":"https:\/\/sorridents.com.br\/lps\/?s={search_term_string}"},"query-input":{"@type":"PropertyValueSpecification","valueRequired":true,"valueName":"search_term_string"}}],"inLanguage":"pt-BR"}]}},"_links":{"self":[{"href":"https:\/\/sorridents.com.br\/lps\/wp-json\/wp\/v2\/pages\/37498","targetHints":{"allow":["GET"]}}],"collection":[{"href":"https:\/\/sorridents.com.br\/lps\/wp-json\/wp\/v2\/pages"}],"about":[{"href":"https:\/\/sorridents.com.br\/lps\/wp-json\/wp\/v2\/types\/page"}],"author":[{"embeddable":true,"href":"https:\/\/sorridents.com.br\/lps\/wp-json\/wp\/v2\/users\/6"}],"replies":[{"embeddable":true,"href":"https:\/\/sorridents.com.br\/lps\/wp-json\/wp\/v2\/comments?post=37498"}],"version-history":[{"count":52,"href":"https:\/\/sorridents.com.br\/lps\/wp-json\/wp\/v2\/pages\/37498\/revisions"}],"predecessor-version":[{"id":38699,"href":"https:\/\/sorridents.com.br\/lps\/wp-json\/wp\/v2\/pages\/37498\/revisions\/38699"}],"wp:attachment":[{"href":"https:\/\/sorridents.com.br\/lps\/wp-json\/wp\/v2\/media?parent=37498"}],"curies":[{"name":"wp","href":"https:\/\/api.w.org\/{rel}","templated":true}]}}